{"id":41,"date":"2021-09-23T03:28:48","date_gmt":"2021-09-23T03:28:48","guid":{"rendered":"https:\/\/demo.casethemes.net\/itfirm\/?page_id=41"},"modified":"2025-07-11T14:36:02","modified_gmt":"2025-07-11T14:36:02","slug":"iletisim","status":"publish","type":"page","link":"https:\/\/yurtlar.lokmanhekim.edu.tr\/index.php\/iletisim\/","title":{"rendered":"\u0130leti\u015fim"},"content":{"rendered":"\t\t<div data-elementor-type=\"wp-page\" data-elementor-id=\"41\" class=\"elementor elementor-41\">\n\t\t\t\t        <section class=\"elementor-section elementor-top-section elementor-element elementor-element-7f2cff6 elementor-section-stretched elementor-section-boxed elementor-section-height-default elementor-section-height-default ct-header-fixed-none ct-column-none ct-row-scroll-none ct-row-gradient--none\" data-id=\"7f2cff6\" data-element_type=\"section\" data-settings=\"{&quot;stretch_section&quot;:&quot;section-stretched&quot;,&quot;background_background&quot;:&quot;classic&quot;}\">\n            \n                        <div class=\"elementor-container elementor-column-gap-extended \">\n                    <div class=\"elementor-column elementor-col-100 elementor-top-column elementor-element elementor-element-cd7c79a ct-column-none col-offset-none col-color-offset-none\" data-id=\"cd7c79a\" data-element_type=\"column\">\n        <div class=\"elementor-widget-wrap elementor-element-populated\">\n                    \n                <section class=\"elementor-section elementor-inner-section elementor-element elementor-element-fc4c3f3 elementor-section-content-middle elementor-section-boxed elementor-section-height-default elementor-section-height-default ct-header-fixed-none ct-column-none ct-row-scroll-none ct-row-gradient--none\" data-id=\"fc4c3f3\" data-element_type=\"section\">\n            \n                        <div class=\"elementor-container elementor-column-gap-extended \">\n                    <div class=\"elementor-column elementor-col-50 elementor-inner-column elementor-element elementor-element-52e0abf ct-column-none col-offset-none col-color-offset-none\" data-id=\"52e0abf\" data-element_type=\"column\">\n        <div class=\"elementor-widget-wrap elementor-element-populated\">\n                    \n        \t\t<div class=\"elementor-element elementor-element-98c729d elementor-widget elementor-widget-ct_heading\" data-id=\"98c729d\" data-element_type=\"widget\" data-widget_type=\"ct_heading.default\">\n\t\t\t\t<div class=\"elementor-widget-container\">\n\t\t\t\t\t<div id=\"ct_heading-98c729d\" class=\"ct-heading h-align- item-st-default highlight-style1\">\r\n  <div class=\"ct-heading--inner\"> \r\n    <div class=\"ct-inline-css\"  data-css=\"\r\n                                \">\r\n    <\/div>\r\n      <div class=\"item--text-below\">\r\n      <div class=\"ct-inline-css\"  data-css=\"\r\n        \">\r\n      <\/div>\r\n          <\/div>\r\n  \r\n\t\t\t<div class=\"item--sub-title style-icon-right \" data-wow-delay=\"ms\">\r\n                        <span>\r\n                \u0130leti\u015fime ge\u00e7in            <\/span>\r\n                            <svg class=\"svg-right\" xmlns=\"http:\/\/www.w3.org\/2000\/svg\" xmlns:xlink=\"http:\/\/www.w3.org\/1999\/xlink\" width=\"33\" height=\"21\" viewBox=\"0 0 33 21\">\r\n                  <defs>\r\n                    <style>\r\n                      .h-cls-1, .h-cls-2 {\r\n                        fill: none;\r\n                        stroke-width: 3px;\r\n                        fill-rule: evenodd;\r\n                      }\r\n\r\n                      .h-cls-1 {\r\n                        filter: url(#filter);\r\n                      }\r\n\r\n                      .h-cls-2 {\r\n                        filter: url(#filter-2);\r\n                      }\r\n                    <\/style>\r\n                    <filter id=\"right-h-filterct_heading-98c729d\" x=\"-0.125\" y=\"-0.094\" width=\"32.406\" height=\"12\" filterUnits=\"userSpaceOnUse\">\r\n                      <feFlood result=\"flood\"\/>\r\n                      <feComposite result=\"composite\" operator=\"in\" in2=\"SourceGraphic\"\/>\r\n                      <feBlend result=\"blend\" in2=\"SourceGraphic\"\/>\r\n                    <\/filter>\r\n                    <filter id=\"right-h-filter-2ct_heading-98c729d\" x=\"-10\" y=\"14.594\" width=\"29.656\" height=\"6.406\" filterUnits=\"userSpaceOnUse\">\r\n                      <feFlood result=\"flood\"\/>\r\n                      <feComposite result=\"composite\" operator=\"in\" in2=\"SourceGraphic\"\/>\r\n                      <feBlend result=\"blend\" in2=\"SourceGraphic\"\/>\r\n                    <\/filter>\r\n\r\n                    <linearGradient id=\"right-h-grad1ct_heading-98c729d\" x1=\"0%\" y1=\"0%\" x2=\"100%\" y2=\"0%\">\r\n                      <stop offset=\"0%\" style=\"stop-color:#006cff;stop-opacity:1\" \/>\r\n                      <stop offset=\"100%\" style=\"stop-color:#1227b8;stop-opacity:1\" \/>\r\n                    <\/linearGradient>\r\n\r\n                  <\/defs>\r\n                  <g>\r\n                    <g style=\"fill: none; filter: url(#right-h-filterct_heading-98c729d)\">\r\n                      <path id=\"right-h-pathct_heading-98c729d\" class=\"h-cls-1\" d=\"M-0.117,8.9H27.036s5.078-3.073,0-6.517\" style=\"stroke: inherit; filter: none;\"\/>\r\n                    <\/g>\r\n                    <use xlink:href=\"#right-h-pathct_heading-98c729d\" style=\"stroke: url(#right-h-grad1ct_heading-98c729d); filter: none; fill: none\"\/>\r\n                    <g style=\"fill: none; filter: url(#right-h-filter-2ct_heading-98c729d)\">\r\n                      <path id=\"right-h-bgct_heading-98c729d\" class=\"h-cls-2\" d=\"M-9.991,14.594H17.352s5.114,3.027,0,6.422\" style=\"stroke: inherit; filter: none;\"\/>\r\n                    <\/g>\r\n                    <use xlink:href=\"#right-h-bgct_heading-98c729d\" style=\"stroke: url(#right-h-grad1ct_heading-98c729d); filter: none; fill: none\"\/>\r\n                  <\/g>\r\n                <\/svg>\r\n                    <\/div>\r\n\t    <h3 class=\"item--title st-default \" data-wow-delay=\"ms\">\r\n        <span class=\"ct-text-inner\">Sorular\u0131n\u0131z\u0131 yan\u0131tlamak i\u00e7in buraday\u0131z  <br>        <cite class=\"ct-text-highlight\">\r\n            Sizi bekliyoruz        <\/cite>\r\n        <\/span>    <\/h3>\r\n  <\/div>\r\n<\/div>\r\n\t\t\t\t<\/div>\n\t\t\t\t<\/div>\n\t\t            <\/div>\n        <\/div>\n                <div class=\"elementor-column elementor-col-50 elementor-inner-column elementor-element elementor-element-f66f351 ct-column-none col-offset-none col-color-offset-none\" data-id=\"f66f351\" data-element_type=\"column\">\n        <div class=\"elementor-widget-wrap elementor-element-populated\">\n                    \n        \t\t<div class=\"elementor-element elementor-element-c1502ec elementor-widget elementor-widget-ct_text_editor\" data-id=\"c1502ec\" data-element_type=\"widget\" data-widget_type=\"ct_text_editor.default\">\n\t\t\t\t<div class=\"elementor-widget-container\">\n\t\t\t\t\t<div id=\"ct_text_editor-c1502ec\" class=\"ct-text-editor \" data-wow-delay=\"ms\">\n\t<div class=\"ct-item--inner\">\n\t\t<div class=\"ct-inline-css\"  data-css=\"\n\t        \t\t\t\">\n\n\t    <\/div>\n\t\t<div class=\"ct-text-editor elementor-clearfix\">\n\t\t\t<p>Her i\u015fe b\u00fct\u00fcnsel bir yakla\u015f\u0131m\u0131n \u00f6nemini anl\u0131yor ve sadeli\u011fin g\u00fcc\u00fcne inan\u0131yoruz.<\/p>\t\t\n\t\t<\/div>\n\t<\/div>\n<\/div>\t\t\t\t<\/div>\n\t\t\t\t<\/div>\n\t\t            <\/div>\n        <\/div>\n                    <\/div>\n        <\/section>\n                <section class=\"elementor-section elementor-inner-section elementor-element elementor-element-192ebe7 elementor-section-content-middle elementor-section-boxed elementor-section-height-default elementor-section-height-default ct-header-fixed-none ct-column-none ct-row-scroll-none ct-row-gradient--none\" data-id=\"192ebe7\" data-element_type=\"section\">\n            \n                        <div class=\"elementor-container elementor-column-gap-extended \">\n                    <div class=\"elementor-column elementor-col-50 elementor-inner-column elementor-element elementor-element-84d320e ct-column-none col-offset-none col-color-offset-none\" data-id=\"84d320e\" data-element_type=\"column\">\n        <div class=\"elementor-widget-wrap elementor-element-populated\">\n                    \n        \t\t<div class=\"elementor-element elementor-element-f993f7e elementor-widget elementor-widget-ct_fancy_box\" data-id=\"f993f7e\" data-element_type=\"widget\" data-widget_type=\"ct_fancy_box.default\">\n\t\t\t\t<div class=\"elementor-widget-container\">\n\t\t\t\t\t<div id=\"ct_fancy_box-f993f7e\" class=\"ct-fancy-box ct-fancy-box-layout1  style1\" data-wow-delay=\"ms\">\r\n    <div class=\"ct-inline-css\"  data-css=\"\r\n        \">\r\n    <\/div>\r\n    <div class=\"item--inner\">\r\n                    <div class=\"item--icon\">\r\n                <i aria-hidden=\"true\" class=\"flaticon flaticon-address\"><\/i>            <\/div>\r\n                        <div class=\"item--meta\">\r\n            <h4 class=\"item--title\">\r\n                Adresimiz            <\/h4>\r\n            <div class=\"item--description\">Be\u015ftepe<br>\nMecnun Caddesi No:9 Be\u015ftepe\/Ankara<\/div>\r\n        <\/div>\r\n    <\/div>\r\n<\/div>\t\t\t\t<\/div>\n\t\t\t\t<\/div>\n\t\t\t\t<div class=\"elementor-element elementor-element-4bdc935 elementor-widget elementor-widget-ct_fancy_box\" data-id=\"4bdc935\" data-element_type=\"widget\" data-widget_type=\"ct_fancy_box.default\">\n\t\t\t\t<div class=\"elementor-widget-container\">\n\t\t\t\t\t<div id=\"ct_fancy_box-4bdc935\" class=\"ct-fancy-box ct-fancy-box-layout1  style1\" data-wow-delay=\"ms\">\r\n    <div class=\"ct-inline-css\"  data-css=\"\r\n        \">\r\n    <\/div>\r\n    <div class=\"item--inner\">\r\n                    <div class=\"item--icon\">\r\n                <i aria-hidden=\"true\" class=\"flaticon flaticon-24-hours-support\"><\/i>            <\/div>\r\n                        <div class=\"item--meta\">\r\n            <h4 class=\"item--title\">\r\n                Telefon            <\/h4>\r\n            <div class=\"item--description\">Be\u015ftepe: (0312) 221 20 40<\/br>\nMobil: (0507) 105 12 42<\/div>\r\n        <\/div>\r\n    <\/div>\r\n<\/div>\t\t\t\t<\/div>\n\t\t\t\t<\/div>\n\t\t\t\t<div class=\"elementor-element elementor-element-82fcc19 elementor-widget elementor-widget-ct_fancy_box\" data-id=\"82fcc19\" data-element_type=\"widget\" data-widget_type=\"ct_fancy_box.default\">\n\t\t\t\t<div class=\"elementor-widget-container\">\n\t\t\t\t\t<div id=\"ct_fancy_box-82fcc19\" class=\"ct-fancy-box ct-fancy-box-layout1  style1\" data-wow-delay=\"ms\">\r\n    <div class=\"ct-inline-css\"  data-css=\"\r\n        \">\r\n    <\/div>\r\n    <div class=\"item--inner\">\r\n                    <div class=\"item--icon\">\r\n                <i aria-hidden=\"true\" class=\"flaticon flaticon-email-1\"><\/i>            <\/div>\r\n                        <div class=\"item--meta\">\r\n            <h4 class=\"item--title\">\r\n                E-Posta            <\/h4>\r\n            <div class=\"item--description\">yurtlar@lokmanhekim.edu.tr<br\/>\n<\/div>\r\n        <\/div>\r\n    <\/div>\r\n<\/div>\t\t\t\t<\/div>\n\t\t\t\t<\/div>\n\t\t            <\/div>\n        <\/div>\n                <div class=\"elementor-column elementor-col-50 elementor-inner-column elementor-element elementor-element-2c37c6f ct-column-none col-offset-none col-color-offset-none\" data-id=\"2c37c6f\" data-element_type=\"column\">\n        <div class=\"elementor-widget-wrap elementor-element-populated\">\n                    \n        \t\t<div class=\"elementor-element elementor-element-4cb1940 elementor-widget elementor-widget-google_maps\" data-id=\"4cb1940\" data-element_type=\"widget\" data-widget_type=\"google_maps.default\">\n\t\t\t\t\t\t\t<div class=\"elementor-custom-embed\">\n\t\t\t<iframe loading=\"lazy\"\n\t\t\t\t\tsrc=\"https:\/\/maps.google.com\/maps?q=Be%C5%9Ftepe%2C%20Mecnun%20Sk.%20No%3A9%2C%2006560%20Yenimahalle%2FAnkara&#038;t=m&#038;z=15&#038;output=embed&#038;iwloc=near\"\n\t\t\t\t\ttitle=\"Be\u015ftepe, Mecnun Sk. No:9, 06560 Yenimahalle\/Ankara\"\n\t\t\t\t\taria-label=\"Be\u015ftepe, Mecnun Sk. No:9, 06560 Yenimahalle\/Ankara\"\n\t\t\t><\/iframe>\n\t\t<\/div>\n\t\t\t\t\t\t<\/div>\n\t\t            <\/div>\n        <\/div>\n                    <\/div>\n        <\/section>\n                    <\/div>\n        <\/div>\n                    <\/div>\n        <\/section>\n        \t\t<\/div>\n\t\t","protected":false},"excerpt":{"rendered":"<p>\u0130leti\u015fime ge\u00e7in Sorular\u0131n\u0131z\u0131 yan\u0131tlamak i\u00e7in buraday\u0131z Sizi bekliyoruz Her i\u015fe b\u00fct\u00fcnsel bir yakla\u015f\u0131m\u0131n \u00f6nemini anl\u0131yor ve sadeli\u011fin g\u00fcc\u00fcne inan\u0131yoruz. Adresimiz Be\u015ftepe Mecnun Caddesi No:9 Be\u015ftepe\/Ankara Telefon Be\u015ftepe: (0312) 221 20 40 Mobil: (0507) 105 12 42 E-Posta yurtlar@lokmanhekim.edu.tr<\/p>\n","protected":false},"author":1,"featured_media":0,"parent":0,"menu_order":0,"comment_status":"closed","ping_status":"closed","template":"","meta":{"footnotes":""},"class_list":["post-41","page","type-page","status-publish","hentry"],"_links":{"self":[{"href":"https:\/\/yurtlar.lokmanhekim.edu.tr\/index.php\/wp-json\/wp\/v2\/pages\/41","targetHints":{"allow":["GET"]}}],"collection":[{"href":"https:\/\/yurtlar.lokmanhekim.edu.tr\/index.php\/wp-json\/wp\/v2\/pages"}],"about":[{"href":"https:\/\/yurtlar.lokmanhekim.edu.tr\/index.php\/wp-json\/wp\/v2\/types\/page"}],"author":[{"embeddable":true,"href":"https:\/\/yurtlar.lokmanhekim.edu.tr\/index.php\/wp-json\/wp\/v2\/users\/1"}],"replies":[{"embeddable":true,"href":"https:\/\/yurtlar.lokmanhekim.edu.tr\/index.php\/wp-json\/wp\/v2\/comments?post=41"}],"version-history":[{"count":15,"href":"https:\/\/yurtlar.lokmanhekim.edu.tr\/index.php\/wp-json\/wp\/v2\/pages\/41\/revisions"}],"predecessor-version":[{"id":10631,"href":"https:\/\/yurtlar.lokmanhekim.edu.tr\/index.php\/wp-json\/wp\/v2\/pages\/41\/revisions\/10631"}],"wp:attachment":[{"href":"https:\/\/yurtlar.lokmanhekim.edu.tr\/index.php\/wp-json\/wp\/v2\/media?parent=41"}],"curies":[{"name":"wp","href":"https:\/\/api.w.org\/{rel}","templated":true}]}}