{"id":33,"date":"2021-09-23T03:28:10","date_gmt":"2021-09-23T03:28:10","guid":{"rendered":"https:\/\/demo.casethemes.net\/itfirm\/?page_id=33"},"modified":"2025-07-31T07:53:29","modified_gmt":"2025-07-31T07:53:29","slug":"hakkimizda","status":"publish","type":"page","link":"https:\/\/yurtlar.lokmanhekim.edu.tr\/index.php\/hakkimizda\/","title":{"rendered":"Hakk\u0131m\u0131zda"},"content":{"rendered":"\t\t<div data-elementor-type=\"wp-page\" data-elementor-id=\"33\" class=\"elementor elementor-33\">\n\t\t\t\t        <section class=\"elementor-section elementor-top-section elementor-element elementor-element-5099d28 elementor-section-boxed elementor-section-height-default elementor-section-height-default ct-header-fixed-none ct-column-none ct-row-scroll-none ct-row-gradient--none\" data-id=\"5099d28\" data-element_type=\"section\">\n            \n                        <div class=\"elementor-container elementor-column-gap-extended \">\n                    <div class=\"elementor-column elementor-col-50 elementor-top-column elementor-element elementor-element-3cf6c49 ct-column-none col-offset-none col-color-offset-none\" data-id=\"3cf6c49\" data-element_type=\"column\">\n        <div class=\"elementor-widget-wrap elementor-element-populated\">\n                    \n        \t\t<div class=\"elementor-element elementor-element-461d76b4 elementor-widget elementor-widget-ct_heading\" data-id=\"461d76b4\" data-element_type=\"widget\" data-widget_type=\"ct_heading.default\">\n\t\t\t\t<div class=\"elementor-widget-container\">\n\t\t\t\t\t<div id=\"ct_heading-461d76b4\" class=\"ct-heading h-align- item-st-default highlight-style1\">\r\n  <div class=\"ct-heading--inner\"> \r\n    <div class=\"ct-inline-css\"  data-css=\"\r\n                                \">\r\n    <\/div>\r\n      <div class=\"item--text-below\">\r\n      <div class=\"ct-inline-css\"  data-css=\"\r\n        \">\r\n      <\/div>\r\n          <\/div>\r\n  \r\n\t\t\t<div class=\"item--sub-title style-icon-right \" data-wow-delay=\"ms\">\r\n                        <span>\r\n                Hakk\u0131m\u0131zda            <\/span>\r\n                            <svg class=\"svg-right\" xmlns=\"http:\/\/www.w3.org\/2000\/svg\" xmlns:xlink=\"http:\/\/www.w3.org\/1999\/xlink\" width=\"33\" height=\"21\" viewBox=\"0 0 33 21\">\r\n                  <defs>\r\n                    <style>\r\n                      .h-cls-1, .h-cls-2 {\r\n                        fill: none;\r\n                        stroke-width: 3px;\r\n                        fill-rule: evenodd;\r\n                      }\r\n\r\n                      .h-cls-1 {\r\n                        filter: url(#filter);\r\n                      }\r\n\r\n                      .h-cls-2 {\r\n                        filter: url(#filter-2);\r\n                      }\r\n                    <\/style>\r\n                    <filter id=\"right-h-filterct_heading-461d76b4\" x=\"-0.125\" y=\"-0.094\" width=\"32.406\" height=\"12\" filterUnits=\"userSpaceOnUse\">\r\n                      <feFlood result=\"flood\"\/>\r\n                      <feComposite result=\"composite\" operator=\"in\" in2=\"SourceGraphic\"\/>\r\n                      <feBlend result=\"blend\" in2=\"SourceGraphic\"\/>\r\n                    <\/filter>\r\n                    <filter id=\"right-h-filter-2ct_heading-461d76b4\" x=\"-10\" y=\"14.594\" width=\"29.656\" height=\"6.406\" filterUnits=\"userSpaceOnUse\">\r\n                      <feFlood result=\"flood\"\/>\r\n                      <feComposite result=\"composite\" operator=\"in\" in2=\"SourceGraphic\"\/>\r\n                      <feBlend result=\"blend\" in2=\"SourceGraphic\"\/>\r\n                    <\/filter>\r\n\r\n                    <linearGradient id=\"right-h-grad1ct_heading-461d76b4\" x1=\"0%\" y1=\"0%\" x2=\"100%\" y2=\"0%\">\r\n                      <stop offset=\"0%\" style=\"stop-color:#006cff;stop-opacity:1\" \/>\r\n                      <stop offset=\"100%\" style=\"stop-color:#1227b8;stop-opacity:1\" \/>\r\n                    <\/linearGradient>\r\n\r\n                  <\/defs>\r\n                  <g>\r\n                    <g style=\"fill: none; filter: url(#right-h-filterct_heading-461d76b4)\">\r\n                      <path id=\"right-h-pathct_heading-461d76b4\" class=\"h-cls-1\" d=\"M-0.117,8.9H27.036s5.078-3.073,0-6.517\" style=\"stroke: inherit; filter: none;\"\/>\r\n                    <\/g>\r\n                    <use xlink:href=\"#right-h-pathct_heading-461d76b4\" style=\"stroke: url(#right-h-grad1ct_heading-461d76b4); filter: none; fill: none\"\/>\r\n                    <g style=\"fill: none; filter: url(#right-h-filter-2ct_heading-461d76b4)\">\r\n                      <path id=\"right-h-bgct_heading-461d76b4\" class=\"h-cls-2\" d=\"M-9.991,14.594H17.352s5.114,3.027,0,6.422\" style=\"stroke: inherit; filter: none;\"\/>\r\n                    <\/g>\r\n                    <use xlink:href=\"#right-h-bgct_heading-461d76b4\" style=\"stroke: url(#right-h-grad1ct_heading-461d76b4); filter: none; fill: none\"\/>\r\n                  <\/g>\r\n                <\/svg>\r\n                    <\/div>\r\n\t    <h3 class=\"item--title st-default \" data-wow-delay=\"ms\">\r\n        <span class=\"ct-text-inner\">        <cite class=\"ct-text-highlight\">\r\n            Lokman Hekim \u00dcniversitesi        <\/cite>\r\n         \u00d6\u011frenci Yurtlar\u0131<\/span>    <\/h3>\r\n  <\/div>\r\n<\/div>\r\n\t\t\t\t<\/div>\n\t\t\t\t<\/div>\n\t\t\t\t<div class=\"elementor-element elementor-element-6ce4e8d elementor-widget elementor-widget-ct_text_editor\" data-id=\"6ce4e8d\" data-element_type=\"widget\" data-widget_type=\"ct_text_editor.default\">\n\t\t\t\t<div class=\"elementor-widget-container\">\n\t\t\t\t\t<div id=\"ct_text_editor-6ce4e8d\" class=\"ct-text-editor \" data-wow-delay=\"ms\">\n\t<div class=\"ct-item--inner\">\n\t\t<div class=\"ct-inline-css\"  data-css=\"\n\t        \t\t\t\">\n\n\t    <\/div>\n\t\t<div class=\"ct-text-editor elementor-clearfix\">\n\t\t\t<p>Lokman Hekim \u00dcniversitesi k\u0131z \u00f6\u011frenci yurtlar\u0131, g\u00fcvenli, konforlu ve sosyal ya\u015fam\u0131 destekleyen bir ortam sunar. \u00d6\u011frencilerin akademik ba\u015far\u0131lar\u0131n\u0131 destekleyecek \u015fekilde modern donan\u0131m ve hizmetlerle tasarlanm\u0131\u015ft\u0131r.<\/p>\t\t\n\t\t<\/div>\n\t<\/div>\n<\/div>\t\t\t\t<\/div>\n\t\t\t\t<\/div>\n\t\t\t\t<div class=\"elementor-element elementor-element-92457bb elementor-widget elementor-widget-ct_tabs\" data-id=\"92457bb\" data-element_type=\"widget\" data-widget_type=\"ct_tabs.default\">\n\t\t\t\t<div class=\"elementor-widget-container\">\n\t\t\t\t\t<div class=\"ct-tabs ct-tabs2  content-type-text_editor\" data-wow-delay=\"ms\">\n    <div class=\"ct-tabs--main\">\n        <div class=\"ct-tabs-meta\">\n            <h5 class=\"ct-widget-title el-empty\"><\/h5>\n            <div class=\"ct-widget-desc el-empty\"><\/div>\n            <ul class=\"ct-tabs-title\">\n                                    <li>\n                        <span class=\"ct-tab-title active\" data-target=\"#ct_tabs-92457bb-e40f566\">\n                            <i aria-hidden=\"true\" class=\"flaticon flaticon2-quotes\"><\/i>                                                        Misyonumuz        \n                        <\/span>\n                    <\/li>\n                                    <li>\n                        <span class=\"ct-tab-title \" data-target=\"#ct_tabs-92457bb-3082b60\">\n                            <i aria-hidden=\"true\" class=\"fas fa-bullseye\"><\/i>                                                        Vizyonumuz        \n                        <\/span>\n                    <\/li>\n                                    <li>\n                        <span class=\"ct-tab-title \" data-target=\"#ct_tabs-92457bb-7311b88\">\n                            <i aria-hidden=\"true\" class=\"far fa-heart\"><\/i>                                                        De\u011ferlerimiz        \n                        <\/span>\n                    <\/li>\n                            <\/ul>\n        <\/div>\n\n        <div class=\"ct-tabs-content\">\n                            <div class=\"ct-tab-content \" id=\"ct_tabs-92457bb-e40f566\" style=\"display:block;\"><p>Lokman Hekim \u00dcniversitesi \u00f6\u011frenci yurtlar\u0131 olarak; \u00f6\u011frencilerimize hijyenik, g\u00fcvenli, ula\u015f\u0131labilir ve sosyal ya\u015famla entegre bir bar\u0131nma deneyimi sunmak; e\u011fitim hayatlar\u0131n\u0131 huzurlu bir ortamda s\u00fcrd\u00fcrebilmelerine katk\u0131 sa\u011flamak.<\/p><\/div>\n                            <div class=\"ct-tab-content \" id=\"ct_tabs-92457bb-3082b60\"><p>G\u00fcvenli, konforlu ve \u00e7a\u011fda\u015f ya\u015fam alanlar\u0131yla \u00f6\u011frencilerimizin akademik ve sosyal geli\u015fimlerini en \u00fcst d\u00fczeyde destekleyen, T\u00fcrkiye'nin en \u00e7ok tercih edilen \u00fcniversite yurtlar\u0131ndan biri olmak.<\/p><\/div>\n                            <div class=\"ct-tab-content \" id=\"ct_tabs-92457bb-7311b88\"><p data-start=\"613\" data-end=\"694\"><strong data-start=\"613\" data-end=\"626\">G\u00fcvenlik:<\/strong> 7\/24 kamera sistemi ve dan\u0131\u015fma hizmetiyle g\u00fcvenli bir ya\u015fam alan\u0131<\/p><p data-start=\"613\" data-end=\"694\"><strong data-start=\"697\" data-end=\"708\">Konfor:<\/strong> Modern oda yap\u0131lar\u0131, h\u0131zl\u0131 internet ve sosyal alanlarla konforlu ya\u015fam<\/p><p data-start=\"613\" data-end=\"694\"><strong data-start=\"784\" data-end=\"797\">Temizlik:<\/strong> D\u00fczenli temizlik hizmetleriyle hijyenik ortam<\/p><p data-start=\"613\" data-end=\"694\"><strong data-start=\"848\" data-end=\"868\">Eri\u015filebilirlik:<\/strong> Kamp\u00fcse ve \u015fehir merkezine yak\u0131n konum<\/p><p data-start=\"613\" data-end=\"694\"><strong data-start=\"912\" data-end=\"937\">Toplumsal Duyarl\u0131l\u0131k:<\/strong> Payla\u015f\u0131mc\u0131, destekleyici ve kapsay\u0131c\u0131 bir yurt k\u00fclt\u00fcr\u00fc<\/p><\/div>\n                    <\/div>\n    <\/div>\n<\/div>\t\t\t\t<\/div>\n\t\t\t\t<\/div>\n\t\t            <\/div>\n        <\/div>\n                <div class=\"elementor-column elementor-col-50 elementor-top-column elementor-element elementor-element-244f4bd ct-column-none col-offset-none col-color-offset-none\" data-id=\"244f4bd\" data-element_type=\"column\">\n        <div class=\"elementor-widget-wrap elementor-element-populated\">\n                    \n        \t\t<div class=\"elementor-element elementor-element-9977bd5 elementor-widget elementor-widget-ct_banner\" data-id=\"9977bd5\" data-element_type=\"widget\" data-widget_type=\"ct_banner.default\">\n\t\t\t\t<div class=\"elementor-widget-container\">\n\t\t\t\t\t\t<div class=\"ct-banner ct-banner1 \" data-wow-delay=\"ms\">\r\n\t\t<div class=\"ct-banner-inner\">\r\n\t\t\t<div class=\"ct-banner-image\">\r\n\t\t\t\t<img fetchpriority=\"high\" decoding=\"async\" class=\"\" src=\"https:\/\/yurtlar.lokmanhekim.edu.tr\/wp-content\/uploads\/2025\/07\/webp1-800x530.webp\" width=\"800\" height=\"530\" alt=\"webp1\" title=\"webp1\" \/>\t\t\t\t\t\t\t\t\t<div class=\"ct-banner-counter\">\r\n\t\t\t\t\t\t<div class=\"ct-counter-inner\">\r\n\t\t\t\t\t\t\t<div class=\"ct-counter-number-value\" data-duration=\"2000\" data-to-value=\"8\" data-delimiter=\"\"><\/div>\r\n\t\t\t\t\t\t\t<div class=\"ct-counter-title el-empty\">Y\u0131ll\u0131k Tecr\u00fcbe<\/div>\r\n\t\t\t\t\t\t<\/div>\r\n\t\t\t\t\t<\/div>\r\n\t\t\t\t\t\t\t<\/div>\r\n\t\t\t<div class=\"ct-banner-holder\">\r\n\t\t\t\t\t\t\t\t\t<div class=\"item--icon el-empty\">\r\n\t\t\t\t\t\t<i aria-hidden=\"true\" class=\"far fa-star\"><\/i>\t\t\t\t\t<\/div>\r\n\t\t\t\t\t\t\t\t<div class=\"ct-banner-meta\">\r\n\t\t\t\t\t<h5 class=\"item--title el-empty\">\u00dcniversiten Seni Bekliyor<\/h5>\r\n\t\t\t\t\t<div class=\"item--desc el-empty\">G\u00fcvenli, konforlu ve kamp\u00fcse yak\u0131n \u00f6\u011frenci yurdu.<\/div>\r\n\t\t\t\t<\/div>\r\n\t\t\t<\/div>\r\n\r\n\t\t<\/div>\r\n\t<\/div>\r\n\t\t\t\t<\/div>\n\t\t\t\t<\/div>\n\t\t            <\/div>\n        <\/div>\n                    <\/div>\n        <\/section>\n        \t\t<\/div>\n\t\t","protected":false},"excerpt":{"rendered":"<p>Hakk\u0131m\u0131zda Lokman Hekim \u00dcniversitesi \u00d6\u011frenci Yurtlar\u0131 Lokman Hekim \u00dcniversitesi k\u0131z \u00f6\u011frenci yurtlar\u0131, g\u00fcvenli, konforlu ve sosyal ya\u015fam\u0131 destekleyen bir ortam sunar. \u00d6\u011frencilerin akademik ba\u015far\u0131lar\u0131n\u0131 destekleyecek \u015fekilde modern donan\u0131m ve hizmetlerle tasarlanm\u0131\u015ft\u0131r. Misyonumuz Vizyonumuz De\u011ferlerimiz Lokman Hekim \u00dcniversitesi \u00f6\u011frenci yurtlar\u0131 olarak; \u00f6\u011frencilerimize hijyenik, g\u00fcvenli, ula\u015f\u0131labilir ve sosyal ya\u015famla entegre bir bar\u0131nma deneyimi sunmak; e\u011fitim hayatlar\u0131n\u0131 huzurlu [&hellip;]<\/p>\n","protected":false},"author":1,"featured_media":0,"parent":0,"menu_order":0,"comment_status":"closed","ping_status":"closed","template":"","meta":{"footnotes":""},"class_list":["post-33","page","type-page","status-publish","hentry"],"_links":{"self":[{"href":"https:\/\/yurtlar.lokmanhekim.edu.tr\/index.php\/wp-json\/wp\/v2\/pages\/33","targetHints":{"allow":["GET"]}}],"collection":[{"href":"https:\/\/yurtlar.lokmanhekim.edu.tr\/index.php\/wp-json\/wp\/v2\/pages"}],"about":[{"href":"https:\/\/yurtlar.lokmanhekim.edu.tr\/index.php\/wp-json\/wp\/v2\/types\/page"}],"author":[{"embeddable":true,"href":"https:\/\/yurtlar.lokmanhekim.edu.tr\/index.php\/wp-json\/wp\/v2\/users\/1"}],"replies":[{"embeddable":true,"href":"https:\/\/yurtlar.lokmanhekim.edu.tr\/index.php\/wp-json\/wp\/v2\/comments?post=33"}],"version-history":[{"count":12,"href":"https:\/\/yurtlar.lokmanhekim.edu.tr\/index.php\/wp-json\/wp\/v2\/pages\/33\/revisions"}],"predecessor-version":[{"id":10677,"href":"https:\/\/yurtlar.lokmanhekim.edu.tr\/index.php\/wp-json\/wp\/v2\/pages\/33\/revisions\/10677"}],"wp:attachment":[{"href":"https:\/\/yurtlar.lokmanhekim.edu.tr\/index.php\/wp-json\/wp\/v2\/media?parent=33"}],"curies":[{"name":"wp","href":"https:\/\/api.w.org\/{rel}","templated":true}]}}