{"id":10515,"date":"2025-07-11T11:41:26","date_gmt":"2025-07-11T11:41:26","guid":{"rendered":"https:\/\/yurtlar.lokmanhekim.edu.tr\/?page_id=10515"},"modified":"2025-07-11T14:47:45","modified_gmt":"2025-07-11T14:47:45","slug":"is-birliklerimiz","status":"publish","type":"page","link":"https:\/\/yurtlar.lokmanhekim.edu.tr\/index.php\/is-birliklerimiz\/","title":{"rendered":"\u0130\u015f Birliklerimiz"},"content":{"rendered":"\t\t<div data-elementor-type=\"wp-page\" data-elementor-id=\"10515\" class=\"elementor elementor-10515\">\n\t\t\t\t<div class=\"elementor-element elementor-element-d1e156e e-flex e-con-boxed e-con e-parent\" data-id=\"d1e156e\" data-element_type=\"container\">\n\t\t\t\t\t<div class=\"e-con-inner\">\n\t\t\t\t<div class=\"elementor-element elementor-element-701c22f elementor-widget elementor-widget-ct_heading\" data-id=\"701c22f\" data-element_type=\"widget\" data-widget_type=\"ct_heading.default\">\n\t\t\t\t<div class=\"elementor-widget-container\">\n\t\t\t\t\t<div id=\"ct_heading-701c22f\" class=\"ct-heading h-align- item-st-default highlight-style1\">\r\n  <div class=\"ct-heading--inner\"> \r\n    <div class=\"ct-inline-css\"  data-css=\"\r\n                                \">\r\n    <\/div>\r\n      <div class=\"item--text-below\">\r\n      <div class=\"ct-inline-css\"  data-css=\"\r\n        \">\r\n      <\/div>\r\n          <\/div>\r\n  \r\n\t\t\t<div class=\"item--sub-title style-icon-right \" data-wow-delay=\"ms\">\r\n                        <span>\r\n                Anla\u015fmalar            <\/span>\r\n                            <svg class=\"svg-right\" xmlns=\"http:\/\/www.w3.org\/2000\/svg\" xmlns:xlink=\"http:\/\/www.w3.org\/1999\/xlink\" width=\"33\" height=\"21\" viewBox=\"0 0 33 21\">\r\n                  <defs>\r\n                    <style>\r\n                      .h-cls-1, .h-cls-2 {\r\n                        fill: none;\r\n                        stroke-width: 3px;\r\n                        fill-rule: evenodd;\r\n                      }\r\n\r\n                      .h-cls-1 {\r\n                        filter: url(#filter);\r\n                      }\r\n\r\n                      .h-cls-2 {\r\n                        filter: url(#filter-2);\r\n                      }\r\n                    <\/style>\r\n                    <filter id=\"right-h-filterct_heading-701c22f\" x=\"-0.125\" y=\"-0.094\" width=\"32.406\" height=\"12\" filterUnits=\"userSpaceOnUse\">\r\n                      <feFlood result=\"flood\"\/>\r\n                      <feComposite result=\"composite\" operator=\"in\" in2=\"SourceGraphic\"\/>\r\n                      <feBlend result=\"blend\" in2=\"SourceGraphic\"\/>\r\n                    <\/filter>\r\n                    <filter id=\"right-h-filter-2ct_heading-701c22f\" x=\"-10\" y=\"14.594\" width=\"29.656\" height=\"6.406\" filterUnits=\"userSpaceOnUse\">\r\n                      <feFlood result=\"flood\"\/>\r\n                      <feComposite result=\"composite\" operator=\"in\" in2=\"SourceGraphic\"\/>\r\n                      <feBlend result=\"blend\" in2=\"SourceGraphic\"\/>\r\n                    <\/filter>\r\n\r\n                    <linearGradient id=\"right-h-grad1ct_heading-701c22f\" x1=\"0%\" y1=\"0%\" x2=\"100%\" y2=\"0%\">\r\n                      <stop offset=\"0%\" style=\"stop-color:#006cff;stop-opacity:1\" \/>\r\n                      <stop offset=\"100%\" style=\"stop-color:#1227b8;stop-opacity:1\" \/>\r\n                    <\/linearGradient>\r\n\r\n                  <\/defs>\r\n                  <g>\r\n                    <g style=\"fill: none; filter: url(#right-h-filterct_heading-701c22f)\">\r\n                      <path id=\"right-h-pathct_heading-701c22f\" class=\"h-cls-1\" d=\"M-0.117,8.9H27.036s5.078-3.073,0-6.517\" style=\"stroke: inherit; filter: none;\"\/>\r\n                    <\/g>\r\n                    <use xlink:href=\"#right-h-pathct_heading-701c22f\" style=\"stroke: url(#right-h-grad1ct_heading-701c22f); filter: none; fill: none\"\/>\r\n                    <g style=\"fill: none; filter: url(#right-h-filter-2ct_heading-701c22f)\">\r\n                      <path id=\"right-h-bgct_heading-701c22f\" class=\"h-cls-2\" d=\"M-9.991,14.594H17.352s5.114,3.027,0,6.422\" style=\"stroke: inherit; filter: none;\"\/>\r\n                    <\/g>\r\n                    <use xlink:href=\"#right-h-bgct_heading-701c22f\" style=\"stroke: url(#right-h-grad1ct_heading-701c22f); filter: none; fill: none\"\/>\r\n                  <\/g>\r\n                <\/svg>\r\n                    <\/div>\r\n\t    <h3 class=\"item--title st-default \" data-wow-delay=\"ms\">\r\n        <span class=\"ct-text-inner\">\u0130\u015f Birliklerimiz<\/span>    <\/h3>\r\n  <\/div>\r\n<\/div>\r\n\t\t\t\t<\/div>\n\t\t\t\t<\/div>\n\t\t\t\t\t<\/div>\n\t\t\t\t<\/div>\n\t\t<div class=\"elementor-element elementor-element-3339ad9 e-flex e-con-boxed e-con e-parent\" data-id=\"3339ad9\" data-element_type=\"container\">\n\t\t\t\t\t<div class=\"e-con-inner\">\n\t\t<div class=\"elementor-element elementor-element-dae6d9c e-con-full e-flex e-con e-child\" data-id=\"dae6d9c\" data-element_type=\"container\">\n\t\t\t\t<div class=\"elementor-element elementor-element-ef55def elementor-widget elementor-widget-ct_logo\" data-id=\"ef55def\" data-element_type=\"widget\" data-widget_type=\"ct_logo.default\">\n\t\t\t\t<div class=\"elementor-widget-container\">\n\t\t\t\t\t    <div id=\"ct_logo-ef55def\" class=\"ct-logo  style1\">\r\n        <div class=\"ct-inline-css\"  data-css=\"\r\n            \">\r\n        <\/div>\r\n                    <img fetchpriority=\"high\" decoding=\"async\" width=\"500\" height=\"500\" src=\"https:\/\/yurtlar.lokmanhekim.edu.tr\/wp-content\/uploads\/2025\/07\/ki-iog.webp\" class=\"attachment-full\" alt=\"\" \/>            <\/div>\r\n\t\t\t\t<\/div>\n\t\t\t\t<\/div>\n\t\t\t\t<\/div>\n\t\t<div class=\"elementor-element elementor-element-3af0f5d e-con-full e-flex e-con e-child\" data-id=\"3af0f5d\" data-element_type=\"container\">\n\t\t\t\t<div class=\"elementor-element elementor-element-2f74ea0 elementor-widget elementor-widget-ct_logo\" data-id=\"2f74ea0\" data-element_type=\"widget\" data-widget_type=\"ct_logo.default\">\n\t\t\t\t<div class=\"elementor-widget-container\">\n\t\t\t\t\t    <div id=\"ct_logo-2f74ea0\" class=\"ct-logo  style1\">\r\n        <div class=\"ct-inline-css\"  data-css=\"\r\n            \">\r\n        <\/div>\r\n        <a href=\"https:\/\/yurtlar.lokmanhekim.edu.tr\/index.php\/atabey-erkek-ogrenci-yurdu\/\">            <img decoding=\"async\" width=\"500\" height=\"500\" src=\"https:\/\/yurtlar.lokmanhekim.edu.tr\/wp-content\/uploads\/2025\/07\/atabe.webp\" class=\"attachment-full\" alt=\"\" \/>        <\/a>    <\/div>\r\n\t\t\t\t<\/div>\n\t\t\t\t<\/div>\n\t\t\t\t<div class=\"elementor-element elementor-element-acd6496 elementor-align-center elementor-widget elementor-widget-ct_button\" data-id=\"acd6496\" data-element_type=\"widget\" data-widget_type=\"ct_button.default\">\n\t\t\t\t<div class=\"elementor-widget-container\">\n\t\t\t\t\t<div id=\"ct_button-acd6496\" class=\"ct-button-wrapper ct-button-layout1\">\r\n    <div class=\"ct-inline-css\"  data-css=\"\r\n        \">\r\n    <\/div>\r\n\r\n            <span class=\"ct-icon-active\"><\/span>\r\n        <a href=\"https:\/\/yurtlar.lokmanhekim.edu.tr\/index.php\/atabey-erkek-ogrenci-yurdu\/\" class=\"btn btn-default  icon-ps-right \" data-wow-delay=\"ms\">\r\n                            <span class=\"ct-button-icon ct-icon-normal ct-align-icon-right\">\r\n                <i aria-hidden=\"true\" class=\"flaticon flaticon-arrow-point-to-right\"><\/i>            <\/span>\r\n                <span class=\"ct-button-text\">\r\n            Bilgi i\u00e7in t\u0131klay\u0131n\u0131z        <\/span>\r\n    <\/a>\r\n<\/div>\t\t\t\t<\/div>\n\t\t\t\t<\/div>\n\t\t\t\t<\/div>\n\t\t<div class=\"elementor-element elementor-element-594fd63 e-con-full e-flex e-con e-child\" data-id=\"594fd63\" data-element_type=\"container\">\n\t\t\t\t<\/div>\n\t\t\t\t\t<\/div>\n\t\t\t\t<\/div>\n\t\t<div class=\"elementor-element elementor-element-fccbe28 e-flex e-con-boxed e-con e-parent\" data-id=\"fccbe28\" data-element_type=\"container\">\n\t\t\t\t\t<div class=\"e-con-inner\">\n\t\t\t\t<div class=\"elementor-element elementor-element-f8e303b elementor-widget elementor-widget-spacer\" data-id=\"f8e303b\" data-element_type=\"widget\" data-widget_type=\"spacer.default\">\n\t\t\t\t\t\t\t<div class=\"elementor-spacer\">\n\t\t\t<div class=\"elementor-spacer-inner\"><\/div>\n\t\t<\/div>\n\t\t\t\t\t\t<\/div>\n\t\t\t\t\t<\/div>\n\t\t\t\t<\/div>\n\t\t\t\t<\/div>\n\t\t","protected":false},"excerpt":{"rendered":"<p>Anla\u015fmalar \u0130\u015f Birliklerimiz Bilgi i\u00e7in t\u0131klay\u0131n\u0131z<\/p>\n","protected":false},"author":1,"featured_media":0,"parent":0,"menu_order":0,"comment_status":"closed","ping_status":"closed","template":"elementor_header_footer","meta":{"footnotes":""},"class_list":["post-10515","page","type-page","status-publish","hentry"],"_links":{"self":[{"href":"https:\/\/yurtlar.lokmanhekim.edu.tr\/index.php\/wp-json\/wp\/v2\/pages\/10515","targetHints":{"allow":["GET"]}}],"collection":[{"href":"https:\/\/yurtlar.lokmanhekim.edu.tr\/index.php\/wp-json\/wp\/v2\/pages"}],"about":[{"href":"https:\/\/yurtlar.lokmanhekim.edu.tr\/index.php\/wp-json\/wp\/v2\/types\/page"}],"author":[{"embeddable":true,"href":"https:\/\/yurtlar.lokmanhekim.edu.tr\/index.php\/wp-json\/wp\/v2\/users\/1"}],"replies":[{"embeddable":true,"href":"https:\/\/yurtlar.lokmanhekim.edu.tr\/index.php\/wp-json\/wp\/v2\/comments?post=10515"}],"version-history":[{"count":16,"href":"https:\/\/yurtlar.lokmanhekim.edu.tr\/index.php\/wp-json\/wp\/v2\/pages\/10515\/revisions"}],"predecessor-version":[{"id":10637,"href":"https:\/\/yurtlar.lokmanhekim.edu.tr\/index.php\/wp-json\/wp\/v2\/pages\/10515\/revisions\/10637"}],"wp:attachment":[{"href":"https:\/\/yurtlar.lokmanhekim.edu.tr\/index.php\/wp-json\/wp\/v2\/media?parent=10515"}],"curies":[{"name":"wp","href":"https:\/\/api.w.org\/{rel}","templated":true}]}}