{"id":10509,"date":"2025-07-11T11:14:46","date_gmt":"2025-07-11T11:14:46","guid":{"rendered":"https:\/\/yurtlar.lokmanhekim.edu.tr\/?page_id=10509"},"modified":"2025-07-21T11:07:29","modified_gmt":"2025-07-21T11:07:29","slug":"atabey-erkek-ogrenci-yurdu","status":"publish","type":"page","link":"https:\/\/yurtlar.lokmanhekim.edu.tr\/index.php\/atabey-erkek-ogrenci-yurdu\/","title":{"rendered":"Atabey Erkek \u00d6\u011frenci Yurdu"},"content":{"rendered":"\t\t<div data-elementor-type=\"wp-page\" data-elementor-id=\"10509\" class=\"elementor elementor-10509\">\n\t\t\t\t        <section class=\"elementor-section elementor-top-section elementor-element elementor-element-5099d28 elementor-section-boxed elementor-section-height-default elementor-section-height-default ct-header-fixed-none ct-column-none ct-row-scroll-none ct-row-gradient--none\" data-id=\"5099d28\" data-element_type=\"section\">\n            \n                        <div class=\"elementor-container elementor-column-gap-extended \">\n                    <div class=\"elementor-column elementor-col-50 elementor-top-column elementor-element elementor-element-3cf6c49 ct-column-none col-offset-none col-color-offset-none\" data-id=\"3cf6c49\" data-element_type=\"column\">\n        <div class=\"elementor-widget-wrap elementor-element-populated\">\n                    \n        \t\t<div class=\"elementor-element elementor-element-461d76b4 elementor-widget elementor-widget-ct_heading\" data-id=\"461d76b4\" data-element_type=\"widget\" data-widget_type=\"ct_heading.default\">\n\t\t\t\t<div class=\"elementor-widget-container\">\n\t\t\t\t\t<div id=\"ct_heading-461d76b4\" class=\"ct-heading h-align- item-st-default highlight-style1\">\r\n  <div class=\"ct-heading--inner\"> \r\n    <div class=\"ct-inline-css\"  data-css=\"\r\n                                \">\r\n    <\/div>\r\n      <div class=\"item--text-below\">\r\n      <div class=\"ct-inline-css\"  data-css=\"\r\n        \">\r\n      <\/div>\r\n          <\/div>\r\n  \r\n\t\t\t<div class=\"item--sub-title style-icon-right \" data-wow-delay=\"ms\">\r\n                        <span>\r\n                Anla\u015fmal\u0131 Yurtlar\u0131m\u0131z            <\/span>\r\n                            <svg class=\"svg-right\" xmlns=\"http:\/\/www.w3.org\/2000\/svg\" xmlns:xlink=\"http:\/\/www.w3.org\/1999\/xlink\" width=\"33\" height=\"21\" viewBox=\"0 0 33 21\">\r\n                  <defs>\r\n                    <style>\r\n                      .h-cls-1, .h-cls-2 {\r\n                        fill: none;\r\n                        stroke-width: 3px;\r\n                        fill-rule: evenodd;\r\n                      }\r\n\r\n                      .h-cls-1 {\r\n                        filter: url(#filter);\r\n                      }\r\n\r\n                      .h-cls-2 {\r\n                        filter: url(#filter-2);\r\n                      }\r\n                    <\/style>\r\n                    <filter id=\"right-h-filterct_heading-461d76b4\" x=\"-0.125\" y=\"-0.094\" width=\"32.406\" height=\"12\" filterUnits=\"userSpaceOnUse\">\r\n                      <feFlood result=\"flood\"\/>\r\n                      <feComposite result=\"composite\" operator=\"in\" in2=\"SourceGraphic\"\/>\r\n                      <feBlend result=\"blend\" in2=\"SourceGraphic\"\/>\r\n                    <\/filter>\r\n                    <filter id=\"right-h-filter-2ct_heading-461d76b4\" x=\"-10\" y=\"14.594\" width=\"29.656\" height=\"6.406\" filterUnits=\"userSpaceOnUse\">\r\n                      <feFlood result=\"flood\"\/>\r\n                      <feComposite result=\"composite\" operator=\"in\" in2=\"SourceGraphic\"\/>\r\n                      <feBlend result=\"blend\" in2=\"SourceGraphic\"\/>\r\n                    <\/filter>\r\n\r\n                    <linearGradient id=\"right-h-grad1ct_heading-461d76b4\" x1=\"0%\" y1=\"0%\" x2=\"100%\" y2=\"0%\">\r\n                      <stop offset=\"0%\" style=\"stop-color:#006cff;stop-opacity:1\" \/>\r\n                      <stop offset=\"100%\" style=\"stop-color:#1227b8;stop-opacity:1\" \/>\r\n                    <\/linearGradient>\r\n\r\n                  <\/defs>\r\n                  <g>\r\n                    <g style=\"fill: none; filter: url(#right-h-filterct_heading-461d76b4)\">\r\n                      <path id=\"right-h-pathct_heading-461d76b4\" class=\"h-cls-1\" d=\"M-0.117,8.9H27.036s5.078-3.073,0-6.517\" style=\"stroke: inherit; filter: none;\"\/>\r\n                    <\/g>\r\n                    <use xlink:href=\"#right-h-pathct_heading-461d76b4\" style=\"stroke: url(#right-h-grad1ct_heading-461d76b4); filter: none; fill: none\"\/>\r\n                    <g style=\"fill: none; filter: url(#right-h-filter-2ct_heading-461d76b4)\">\r\n                      <path id=\"right-h-bgct_heading-461d76b4\" class=\"h-cls-2\" d=\"M-9.991,14.594H17.352s5.114,3.027,0,6.422\" style=\"stroke: inherit; filter: none;\"\/>\r\n                    <\/g>\r\n                    <use xlink:href=\"#right-h-bgct_heading-461d76b4\" style=\"stroke: url(#right-h-grad1ct_heading-461d76b4); filter: none; fill: none\"\/>\r\n                  <\/g>\r\n                <\/svg>\r\n                    <\/div>\r\n\t    <h3 class=\"item--title st-default \" data-wow-delay=\"ms\">\r\n        <span class=\"ct-text-inner\">        <cite class=\"ct-text-highlight\">\r\n            Atabey        <\/cite>\r\n         Erkek \u00d6\u011frenci Yurdu<\/span>    <\/h3>\r\n  <\/div>\r\n<\/div>\r\n\t\t\t\t<\/div>\n\t\t\t\t<\/div>\n\t\t\t\t<div class=\"elementor-element elementor-element-6ce4e8d elementor-widget elementor-widget-ct_text_editor\" data-id=\"6ce4e8d\" data-element_type=\"widget\" data-widget_type=\"ct_text_editor.default\">\n\t\t\t\t<div class=\"elementor-widget-container\">\n\t\t\t\t\t<div id=\"ct_text_editor-6ce4e8d\" class=\"ct-text-editor \" data-wow-delay=\"ms\">\n\t<div class=\"ct-item--inner\">\n\t\t<div class=\"ct-inline-css\"  data-css=\"\n\t        \t\t\t\">\n\n\t    <\/div>\n\t\t<div class=\"ct-text-editor elementor-clearfix\">\n\t\t\t<p>Atabey Erkek \u00d6\u011frenci Yurdu, g\u00fcvenli, konforlu ve sosyal ya\u015fam\u0131 destekleyen bir ortam sunar. \u00d6\u011frencilerin akademik ba\u015far\u0131lar\u0131n\u0131 destekleyecek \u015fekilde modern donan\u0131m ve hizmetlerle tasarlanm\u0131\u015ft\u0131r.<\/p>\t\t\n\t\t<\/div>\n\t<\/div>\n<\/div>\t\t\t\t<\/div>\n\t\t\t\t<\/div>\n\t\t\t\t<div class=\"elementor-element elementor-element-f5c3955 elementor-widget elementor-widget-ct_button\" data-id=\"f5c3955\" data-element_type=\"widget\" data-widget_type=\"ct_button.default\">\n\t\t\t\t<div class=\"elementor-widget-container\">\n\t\t\t\t\t<div id=\"ct_button-f5c3955\" class=\"ct-button-wrapper ct-button-layout1\">\r\n    <div class=\"ct-inline-css\"  data-css=\"\r\n                    #ct_button-f5c3955.ct-button-wrapper .btn {\r\n                background-image: -webkit-linear-gradient(93deg, #992626 0%, #FF003F 50%, #992626) !important;\r\n                background-image: -moz-linear-gradient(93deg, #992626 0%, #FF003F 50%, #992626) !important;\r\n                background-image: -ms-linear-gradient(93deg, #992626 0%, #FF003F 50%, #992626) !important;\r\n                background-image: -o-linear-gradient(93deg, #992626 0%, #FF003F 50%, #992626) !important;\r\n                background-image: linear-gradient(93deg, #992626 0%, #FF003F 50%, #992626) !important;\r\n                filter: progid:DXImageTransform.Microsoft.gradient(startColorStr='#992626', endColorStr='#FF003F') !important;\r\n                background-color: transparent !important;\r\n\r\n            }\r\n        \">\r\n    <\/div>\r\n\r\n            <span class=\"ct-icon-active\"><\/span>\r\n        <a href=\"https:\/\/atabeyyurt.com\/\" class=\"btn btn-default  icon-ps-right \" data-wow-delay=\"ms\">\r\n                            <span class=\"ct-button-icon ct-icon-normal ct-align-icon-right\">\r\n                <i aria-hidden=\"true\" class=\"flaticon flaticon-arrow-point-to-right\"><\/i>            <\/span>\r\n                <span class=\"ct-button-text\">\r\n            Atabey Erkek \u00d6\u011frenci Yurdu Web Sitesi        <\/span>\r\n    <\/a>\r\n<\/div>\t\t\t\t<\/div>\n\t\t\t\t<\/div>\n\t\t\t\t<div class=\"elementor-element elementor-element-41c4c17 elementor-widget elementor-widget-spacer\" data-id=\"41c4c17\" data-element_type=\"widget\" data-widget_type=\"spacer.default\">\n\t\t\t\t\t\t\t<div class=\"elementor-spacer\">\n\t\t\t<div class=\"elementor-spacer-inner\"><\/div>\n\t\t<\/div>\n\t\t\t\t\t\t<\/div>\n\t\t\t\t<div class=\"elementor-element elementor-element-92457bb elementor-widget elementor-widget-ct_tabs\" data-id=\"92457bb\" data-element_type=\"widget\" data-widget_type=\"ct_tabs.default\">\n\t\t\t\t<div class=\"elementor-widget-container\">\n\t\t\t\t\t<div class=\"ct-tabs ct-tabs1  content-type-text_editor\" data-wow-delay=\"ms\">\n    <div class=\"ct-tabs--main\">\n        <div class=\"ct-tabs-title\">\n                            <span class=\"ct-tab-title active\" data-target=\"#ct_tabs-92457bb-e40f566\">\n                    <i aria-hidden=\"true\" class=\"flaticon flaticon2-quotes\"><\/i>                                        Hakk\u0131nda        \n                <\/span>\n                            <span class=\"ct-tab-title \" data-target=\"#ct_tabs-92457bb-3082b60\">\n                    <i aria-hidden=\"true\" class=\"fas fa-bullseye\"><\/i>                                        Lokasyon        \n                <\/span>\n                            <span class=\"ct-tab-title \" data-target=\"#ct_tabs-92457bb-7311b88\">\n                    <i aria-hidden=\"true\" class=\"far fa-heart\"><\/i>                                        Hizmet Kalitesi        \n                <\/span>\n                    <\/div>\n\n        <div class=\"ct-tabs-content\">\n                            <div class=\"ct-tab-content \" id=\"ct_tabs-92457bb-e40f566\" style=\"display:block;\"><p>Lokman Hekim \u00dcniversitesi anla\u015fmal\u0131 yurdu olan Atabey Erkek \u00d6\u011frenci Yurdu 2022 y\u0131l\u0131nda a\u00e7\u0131lm\u0131\u015ft\u0131r. Ge\u00e7en zamanda konusunda yeti\u015fmi\u015f personeli, huzurlu, konforlu ve sakin mekan\u0131yla birlikte ula\u015f\u0131m\u0131 kolay konumu ile K\u0131z\u0131lay metro istasyonuna ve Ankara Merkez\u2019de bulunan bir\u00e7ok \u00fcniversiteye yak\u0131nl\u0131\u011f\u0131 dolay\u0131s\u0131yla \u00f6\u011frenciler taraf\u0131ndan tercih edilen bir yurt olmu\u015ftur.<\/p><\/div>\n                            <div class=\"ct-tab-content \" id=\"ct_tabs-92457bb-3082b60\"><p>K\u00fclt\u00fcr Mah Dr. Mediha Eldem Sok, K\u0131z\u0131lay, Kocatepe Camii yan\u0131 No: 67, 06420 \u00c7ankaya\/Ankara<\/p><\/div>\n                            <div class=\"ct-tab-content \" id=\"ct_tabs-92457bb-7311b88\"><p data-start=\"613\" data-end=\"694\"><strong data-start=\"613\" data-end=\"626\">G\u00fcvenlik:<\/strong> 7\/24 kamera sistemi ve dan\u0131\u015fma hizmetiyle g\u00fcvenli bir ya\u015fam alan\u0131<\/p><p data-start=\"613\" data-end=\"694\"><strong data-start=\"697\" data-end=\"708\">Konfor:<\/strong> Modern oda yap\u0131lar\u0131, h\u0131zl\u0131 internet ve sosyal alanlarla konforlu ya\u015fam<\/p><p data-start=\"613\" data-end=\"694\"><strong data-start=\"784\" data-end=\"797\">Temizlik:<\/strong> D\u00fczenli temizlik hizmetleriyle hijyenik ortam<\/p><p data-start=\"613\" data-end=\"694\"><strong data-start=\"848\" data-end=\"868\">Eri\u015filebilirlik:<\/strong> Kamp\u00fcse ve \u015fehir merkezine yak\u0131n konum<\/p><p data-start=\"613\" data-end=\"694\"><strong data-start=\"912\" data-end=\"937\">Toplumsal Duyarl\u0131l\u0131k:<\/strong> Payla\u015f\u0131mc\u0131, destekleyici ve kapsay\u0131c\u0131 bir yurt k\u00fclt\u00fcr\u00fc<\/p><\/div>\n                    <\/div>\n    <\/div>\n<\/div>\t\t\t\t<\/div>\n\t\t\t\t<\/div>\n\t\t\t\t<div class=\"elementor-element elementor-element-91f9179 elementor-widget elementor-widget-spacer\" data-id=\"91f9179\" data-element_type=\"widget\" data-widget_type=\"spacer.default\">\n\t\t\t\t\t\t\t<div class=\"elementor-spacer\">\n\t\t\t<div class=\"elementor-spacer-inner\"><\/div>\n\t\t<\/div>\n\t\t\t\t\t\t<\/div>\n\t\t\t\t<div class=\"elementor-element elementor-element-eb360c0 elementor-widget elementor-widget-ct_button\" data-id=\"eb360c0\" data-element_type=\"widget\" data-widget_type=\"ct_button.default\">\n\t\t\t\t<div class=\"elementor-widget-container\">\n\t\t\t\t\t<div id=\"ct_button-eb360c0\" class=\"ct-button-wrapper ct-button-layout1\">\r\n    <div class=\"ct-inline-css\"  data-css=\"\r\n                    #ct_button-eb360c0.ct-button-wrapper .btn {\r\n                background-image: -webkit-linear-gradient(93deg, #992626 0%, #FF003F 50%, #992626) !important;\r\n                background-image: -moz-linear-gradient(93deg, #992626 0%, #FF003F 50%, #992626) !important;\r\n                background-image: -ms-linear-gradient(93deg, #992626 0%, #FF003F 50%, #992626) !important;\r\n                background-image: -o-linear-gradient(93deg, #992626 0%, #FF003F 50%, #992626) !important;\r\n                background-image: linear-gradient(93deg, #992626 0%, #FF003F 50%, #992626) !important;\r\n                filter: progid:DXImageTransform.Microsoft.gradient(startColorStr='#992626', endColorStr='#FF003F') !important;\r\n                background-color: transparent !important;\r\n\r\n            }\r\n        \">\r\n    <\/div>\r\n\r\n            <span class=\"ct-icon-active\"><\/span>\r\n        <a href=\"https:\/\/maps.app.goo.gl\/8FfWXgud9M4ETJvo8\" class=\"btn btn-default  icon-ps-right \" data-wow-delay=\"ms\">\r\n                            <span class=\"ct-button-icon ct-icon-normal ct-align-icon-right\">\r\n                <i aria-hidden=\"true\" class=\"flaticon flaticon-arrow-point-to-right\"><\/i>            <\/span>\r\n                <span class=\"ct-button-text\">\r\n            Yurt konumu ve ileti\u015fim bilgileri i\u00e7in t\u0131klay\u0131n\u0131z.        <\/span>\r\n    <\/a>\r\n<\/div>\t\t\t\t<\/div>\n\t\t\t\t<\/div>\n\t\t\t\t<div class=\"elementor-element elementor-element-9676247 elementor-widget elementor-widget-spacer\" data-id=\"9676247\" data-element_type=\"widget\" data-widget_type=\"spacer.default\">\n\t\t\t\t\t\t\t<div class=\"elementor-spacer\">\n\t\t\t<div class=\"elementor-spacer-inner\"><\/div>\n\t\t<\/div>\n\t\t\t\t\t\t<\/div>\n\t\t            <\/div>\n        <\/div>\n                <div class=\"elementor-column elementor-col-50 elementor-top-column elementor-element elementor-element-244f4bd ct-column-none col-offset-none col-color-offset-none\" data-id=\"244f4bd\" data-element_type=\"column\">\n        <div class=\"elementor-widget-wrap elementor-element-populated\">\n                    \n        \t\t<div class=\"elementor-element elementor-element-9977bd5 elementor-widget elementor-widget-ct_banner\" data-id=\"9977bd5\" data-element_type=\"widget\" data-widget_type=\"ct_banner.default\">\n\t\t\t\t<div class=\"elementor-widget-container\">\n\t\t\t\t\t\t<div id=\"ct_banner-9977bd5\" class=\"ct-banner ct-banner3 \" data-wow-delay=\"ms\">\r\n\t\t<div class=\"ct-inline-css\"  data-css=\"\r\n\t        \t            #ct_banner-9977bd5.ct-banner3::before,\r\n\t            #ct_banner-9977bd5.ct-banner3 .ct-banner-counter {\r\n\t                background-image: -webkit-gradient(linear, left top, right top, from(#992626), to(#0222FF));\r\n\t                background-image: -webkit-linear-gradient(to left, #992626, #0222FF);\r\n\t                background-image: -moz-linear-gradient(to left, #992626, #0222FF);\r\n\t                background-image: -ms-linear-gradient(to left, #992626, #0222FF);\r\n\t                background-image: -o-linear-gradient(to left, #992626, #0222FF);\r\n\t                background-image: linear-gradient(to left, #992626, #0222FF);\r\n\t                filter: progid:DXImageTransform.Microsoft.gradient(startColorStr='#992626', endColorStr='#0222FF', gradientType='1');\r\n\t            }\r\n\t        \">\r\n\t    <\/div>\r\n\t\t<div class=\"ct-banner-inner\">\r\n\t\t\t<div class=\"ct-banner-image\">\r\n\t\t\t\t<img fetchpriority=\"high\" decoding=\"async\" class=\"\" src=\"https:\/\/yurtlar.lokmanhekim.edu.tr\/wp-content\/uploads\/2025\/07\/dis-gorunum-3-scaled-1-650x650.jpg\" width=\"650\" height=\"650\" alt=\"dis-gorunum-3-scaled\" title=\"dis-gorunum-3-scaled\" \/>\t\t\t<\/div>\r\n\t\t\t\t\t\t\t<div class=\"ct-banner-counter\">\r\n\t\t\t\t\t<div class=\"ct-counter-inner\">\r\n\t\t\t\t\t\t<div class=\"ct-counter-title el-empty\">Y\u0131ll\u0131k Tecr\u00fcbe<\/div>\r\n\t\t\t\t\t\t<div class=\"ct-counter-number-value\" data-duration=\"2000\" data-to-value=\"10\" data-delimiter=\"\"><\/div>\r\n\t\t\t\t\t<\/div>\r\n\t\t\t\t<\/div>\r\n\t\t\t\t\t\t<div class=\"item--title el-empty\">Atabey Erkek \u00d6\u011frenci Yurdu<\/div>\r\n\t\t<\/div>\r\n\t<\/div>\r\n\t\t\t\t<\/div>\n\t\t\t\t<\/div>\n\t\t            <\/div>\n        <\/div>\n                    <\/div>\n        <\/section>\n        \t\t<\/div>\n\t\t","protected":false},"excerpt":{"rendered":"<p>Anla\u015fmal\u0131 Yurtlar\u0131m\u0131z Atabey Erkek \u00d6\u011frenci Yurdu Atabey Erkek \u00d6\u011frenci Yurdu, g\u00fcvenli, konforlu ve sosyal ya\u015fam\u0131 destekleyen bir ortam sunar. \u00d6\u011frencilerin akademik ba\u015far\u0131lar\u0131n\u0131 destekleyecek \u015fekilde modern donan\u0131m ve hizmetlerle tasarlanm\u0131\u015ft\u0131r. Atabey Erkek \u00d6\u011frenci Yurdu Web Sitesi Hakk\u0131nda Lokasyon Hizmet Kalitesi Lokman Hekim \u00dcniversitesi anla\u015fmal\u0131 yurdu olan Atabey Erkek \u00d6\u011frenci Yurdu 2022 y\u0131l\u0131nda a\u00e7\u0131lm\u0131\u015ft\u0131r. Ge\u00e7en zamanda konusunda [&hellip;]<\/p>\n","protected":false},"author":1,"featured_media":0,"parent":0,"menu_order":0,"comment_status":"closed","ping_status":"closed","template":"","meta":{"footnotes":""},"class_list":["post-10509","page","type-page","status-publish","hentry"],"_links":{"self":[{"href":"https:\/\/yurtlar.lokmanhekim.edu.tr\/index.php\/wp-json\/wp\/v2\/pages\/10509","targetHints":{"allow":["GET"]}}],"collection":[{"href":"https:\/\/yurtlar.lokmanhekim.edu.tr\/index.php\/wp-json\/wp\/v2\/pages"}],"about":[{"href":"https:\/\/yurtlar.lokmanhekim.edu.tr\/index.php\/wp-json\/wp\/v2\/types\/page"}],"author":[{"embeddable":true,"href":"https:\/\/yurtlar.lokmanhekim.edu.tr\/index.php\/wp-json\/wp\/v2\/users\/1"}],"replies":[{"embeddable":true,"href":"https:\/\/yurtlar.lokmanhekim.edu.tr\/index.php\/wp-json\/wp\/v2\/comments?post=10509"}],"version-history":[{"count":9,"href":"https:\/\/yurtlar.lokmanhekim.edu.tr\/index.php\/wp-json\/wp\/v2\/pages\/10509\/revisions"}],"predecessor-version":[{"id":10673,"href":"https:\/\/yurtlar.lokmanhekim.edu.tr\/index.php\/wp-json\/wp\/v2\/pages\/10509\/revisions\/10673"}],"wp:attachment":[{"href":"https:\/\/yurtlar.lokmanhekim.edu.tr\/index.php\/wp-json\/wp\/v2\/media?parent=10509"}],"curies":[{"name":"wp","href":"https:\/\/api.w.org\/{rel}","templated":true}]}}